{"id":118,"date":"2016-01-28T12:00:30","date_gmt":"2016-01-28T12:00:30","guid":{"rendered":"http:\/\/demo.themegrill.com\/estore\/?page_id=118"},"modified":"2024-03-24T11:35:36","modified_gmt":"2024-03-24T14:35:36","slug":"front-page","status":"publish","type":"page","link":"https:\/\/4kids.com.br\/","title":{"rendered":"Front Page"},"content":{"rendered":"","protected":false},"excerpt":{"rendered":"","protected":false},"author":1,"featured_media":0,"parent":0,"menu_order":0,"comment_status":"closed","ping_status":"closed","template":"page-templates\/template-estore-home.php","meta":{"advgb_blocks_editor_width":"","advgb_blocks_columns_visual_guide":"","footnotes":""},"class_list":["post-118","page","type-page","status-publish","hentry"],"coauthors":[],"author_meta":{"author_link":"https:\/\/4kids.com.br\/index.php\/author\/4kids\/","display_name":"4kids"},"relative_dates":{"created":"Publicado 10 anos atr\u00e1s","modified":"Atualizado 2 anos atr\u00e1s"},"absolute_dates":{"created":"Publicado em 28 de janeiro de 2016","modified":"Atualizado em 24 de mar\u00e7o de 2024"},"absolute_dates_time":{"created":"Publicado em 28 de janeiro de 2016 12:00","modified":"Atualizado em 24 de mar\u00e7o de 2024 11:35"},"featured_img_caption":"","featured_img":false,"series_order":"","_links":{"self":[{"href":"https:\/\/4kids.com.br\/index.php\/wp-json\/wp\/v2\/pages\/118","targetHints":{"allow":["GET"]}}],"collection":[{"href":"https:\/\/4kids.com.br\/index.php\/wp-json\/wp\/v2\/pages"}],"about":[{"href":"https:\/\/4kids.com.br\/index.php\/wp-json\/wp\/v2\/types\/page"}],"author":[{"embeddable":true,"href":"https:\/\/4kids.com.br\/index.php\/wp-json\/wp\/v2\/users\/1"}],"replies":[{"embeddable":true,"href":"https:\/\/4kids.com.br\/index.php\/wp-json\/wp\/v2\/comments?post=118"}],"version-history":[{"count":1,"href":"https:\/\/4kids.com.br\/index.php\/wp-json\/wp\/v2\/pages\/118\/revisions"}],"predecessor-version":[{"id":1999,"href":"https:\/\/4kids.com.br\/index.php\/wp-json\/wp\/v2\/pages\/118\/revisions\/1999"}],"wp:attachment":[{"href":"https:\/\/4kids.com.br\/index.php\/wp-json\/wp\/v2\/media?parent=118"}],"curies":[{"name":"wp","href":"https:\/\/api.w.org\/{rel}","templated":true}]}}