{"id":1357,"date":"2021-05-24T00:31:00","date_gmt":"2021-05-24T03:31:00","guid":{"rendered":"http:\/\/4kids.com.br\/?page_id=1357"},"modified":"2021-05-24T00:31:02","modified_gmt":"2021-05-24T03:31:02","slug":"politica-de-seguranca","status":"publish","type":"page","link":"https:\/\/4kids.com.br\/index.php\/politica-de-seguranca\/","title":{"rendered":"Pol\u00edtica de Seguran\u00e7a"},"content":{"rendered":"\n<h3 class=\"wp-block-heading\">Pol\u00edtica de Seguran\u00e7a para <a href=\"http:\/\/www.4kidseducacional.com\">4Kids Educacional<\/a><\/h3>\n\n\n\n<h4 class=\"wp-block-heading\">Hospedagem<\/h4>\n\n\n\n<p>O servi\u00e7o de hospedagem de nossa loja virtual \u00e9 provido por uma empresa localizada nos Estados Unidos da Am\u00e9rica, utilizando&nbsp;tecnologia popularmente conhecida de nuvem, a qual garante a disponibilidade dos servi\u00e7os por meio de contrato de servi\u00e7os da ordem de 99,9%. Esta empresa, cujo nome n\u00e3o divulgamos por quest\u00f5es de seguran\u00e7a, disp\u00f5e dos mecanismos modernos e atualizados de seguran\u00e7a da informa\u00e7\u00e3o.<\/p>\n\n\n\n<h4 class=\"wp-block-heading\">Sua Senha, Sua Seguran\u00e7a<\/h4>\n\n\n\n<p>Sua seguran\u00e7a come\u00e7a pela defini\u00e7\u00e3o de sua senha. Recomendamos crie uma senha forte. Sua senha deve ser formada por letras mai\u00fascula e min\u00fasculas, deve conter n\u00fameros e caracteres especiais e ter, no m\u00ednimo, 8 caracteres de extens\u00e3o. Recomenda-se fortemente que n\u00e3o utilize nomes pr\u00f3prios ou sobrenomes, nem datas conhecidas ou n\u00famero de documentos.<\/p>\n","protected":false},"excerpt":{"rendered":"<p>Pol\u00edtica de Seguran\u00e7a para 4Kids Educacional Hospedagem O servi\u00e7o de hospedagem de nossa loja virtual \u00e9 provido por uma empresa localizada nos Estados Unidos da Am\u00e9rica, utilizando&nbsp;tecnologia popularmente conhecida de nuvem, a qual garante a disponibilidade dos servi\u00e7os por meio de contrato de servi\u00e7os da ordem de 99,9%. Esta empresa, cujo nome n\u00e3o divulgamos por [&hellip;]<\/p>\n","protected":false},"author":1,"featured_media":0,"parent":0,"menu_order":0,"comment_status":"closed","ping_status":"closed","template":"","meta":{"advgb_blocks_editor_width":"","advgb_blocks_columns_visual_guide":"","footnotes":""},"class_list":["post-1357","page","type-page","status-publish","hentry"],"coauthors":[],"author_meta":{"author_link":"https:\/\/4kids.com.br\/index.php\/author\/4kids\/","display_name":"4kids"},"relative_dates":{"created":"Publicado 5 anos atr\u00e1s","modified":"Atualizado 5 anos atr\u00e1s"},"absolute_dates":{"created":"Publicado em 24 de maio de 2021","modified":"Atualizado em 24 de maio de 2021"},"absolute_dates_time":{"created":"Publicado em 24 de maio de 2021 00:31","modified":"Atualizado em 24 de maio de 2021 00:31"},"featured_img_caption":"","featured_img":false,"series_order":"","_links":{"self":[{"href":"https:\/\/4kids.com.br\/index.php\/wp-json\/wp\/v2\/pages\/1357","targetHints":{"allow":["GET"]}}],"collection":[{"href":"https:\/\/4kids.com.br\/index.php\/wp-json\/wp\/v2\/pages"}],"about":[{"href":"https:\/\/4kids.com.br\/index.php\/wp-json\/wp\/v2\/types\/page"}],"author":[{"embeddable":true,"href":"https:\/\/4kids.com.br\/index.php\/wp-json\/wp\/v2\/users\/1"}],"replies":[{"embeddable":true,"href":"https:\/\/4kids.com.br\/index.php\/wp-json\/wp\/v2\/comments?post=1357"}],"version-history":[{"count":0,"href":"https:\/\/4kids.com.br\/index.php\/wp-json\/wp\/v2\/pages\/1357\/revisions"}],"wp:attachment":[{"href":"https:\/\/4kids.com.br\/index.php\/wp-json\/wp\/v2\/media?parent=1357"}],"curies":[{"name":"wp","href":"https:\/\/api.w.org\/{rel}","templated":true}]}}