{"id":687,"date":"2018-03-26T09:44:23","date_gmt":"2018-03-26T09:44:23","guid":{"rendered":"https:\/\/demo.themegrill.com\/estore\/?page_id=687"},"modified":"2021-05-23T17:29:05","modified_gmt":"2021-05-23T20:29:05","slug":"contact","status":"publish","type":"page","link":"https:\/\/4kids.com.br\/index.php\/contact\/","title":{"rendered":"formul\u00e1rio de Contato"},"content":{"rendered":"<h4>Valorizamos muito sua opini\u00e3o. D\u00favidas, sugest\u00f5es ou cr\u00edticas ser\u00e3o apreciadas com aten\u00e7\u00e3o.<\/h4>\n<h4>Obrigado por entrar em contato.<\/h4>\n<div class=\"everest-forms\"><div class=\"evf-container default\" id=\"evf-10\"><form id=\"evf-form-10\" class=\"everest-form\" data-formid=\"10\" data-ajax_submission=\"0\" data-keyboard_friendly_form=\"0\" data-form_state_type=\"\" method=\"post\" enctype=\"multipart\/form-data\" action=\"\/index.php\/wp-json\/wp\/v2\/pages\/687\"><div class=\"evf-field-container\"><input type=\"hidden\" id=\"_wpnonce10\" name=\"_wpnonce10\" value=\"b5348f94c8\" \/><input type=\"hidden\" name=\"_wp_http_referer\" value=\"\/index.php\/wp-json\/wp\/v2\/pages\/687\" \/><div class=\"evf-frontend-row\" data-row=\"row_1\" conditional_rules=\"[]\"><div class=\"evf-frontend-grid evf-grid-1\" data-grid=\"grid_1\"><div id=\"evf-10-field_fullname-container\" class=\"evf-field evf-field-text form-row validate-required\" data-required-field-message=\"This field is required.\" data-field-id=\"fullname\"><label class=\"evf-field-label\" for=\"evf-10-field_fullname\"><span class=\"evf-label\">Nome<\/span> <abbr class=\"required\" title=\"Required\">*<\/abbr><\/label><input type=\"text\" id=\"evf-10-field_fullname\" class=\"input-text\" name=\"everest_forms[form_fields][fullname]\" required><\/div><div id=\"evf-10-field_email-container\" class=\"evf-field evf-field-email form-row validate-required validate-email\" data-required-field-message=\"Please enter a valid email address.\" data-field-id=\"email\"><label class=\"evf-field-label\" for=\"evf-10-field_email\"><span class=\"evf-label\">Email<\/span> <abbr class=\"required\" title=\"Required\">*<\/abbr><\/label><input type=\"email\" id=\"evf-10-field_email\" class=\"input-text\" name=\"everest_forms[form_fields][email]\" required ><\/div><div id=\"evf-10-field_subject-container\" class=\"evf-field evf-field-text form-row validate-required\" data-required-field-message=\"This field is required.\" data-field-id=\"subject\"><label class=\"evf-field-label\" for=\"evf-10-field_subject\"><span class=\"evf-label\">Assunto<\/span> <abbr class=\"required\" title=\"Required\">*<\/abbr><\/label><input type=\"text\" id=\"evf-10-field_subject\" class=\"input-text\" name=\"everest_forms[form_fields][subject]\" required><\/div><div id=\"evf-10-field_message-container\" class=\"evf-field evf-field-textarea form-row\" data-field-id=\"message\"><label class=\"evf-field-label\" for=\"evf-10-field_message\"><span class=\"evf-label\">Mensagem<\/span> <\/label><textarea id=\"evf-10-field_message\" class=\"input-text\" name=\"everest_forms[form_fields][message]\"  ><\/textarea><\/div><\/div><\/div><\/div><div class=\"evf-honeypot-container evf-field-hp\"><label for=\"evf-10-field-hp\" class=\"evf-field-label\">Name<\/label><input type=\"text\" name=\"everest_forms[hp]\" id=\"evf-10-field-hp\" class=\"input-text\"><\/div><div class=\"evf-recaptcha-container recaptcha-hidden\" style=\"display:block\"><input type=\"hidden\" name=\"everest_forms[recaptcha]\" value=\"\"><\/div><div class=\"evf-submit-container \" ><input type=\"hidden\" name=\"everest_forms[id]\" value=\"10\"><input type=\"hidden\" name=\"everest_forms[author]\" value=\"1\"><button type='submit' name='everest_forms[submit]' class='everest-forms-submit-button button evf-submit ' id='evf-submit-10' value='evf-submit' data-process-text=\"Processando...\" conditional_rules='&quot;&quot;' conditional_id='evf-submit-10'  id=\"evf-submit-10\" aria-live=\"assertive\">Enviar<\/button><\/div><\/form><\/div><!-- .evf-container --><\/div>\n\n\n<p><\/p>\n","protected":false},"excerpt":{"rendered":"<p>Valorizamos muito sua opini\u00e3o. D\u00favidas, sugest\u00f5es ou cr\u00edticas ser\u00e3o apreciadas com aten\u00e7\u00e3o. Obrigado por entrar em contato.<\/p>\n","protected":false},"author":1,"featured_media":0,"parent":0,"menu_order":0,"comment_status":"closed","ping_status":"closed","template":"","meta":{"advgb_blocks_editor_width":"","advgb_blocks_columns_visual_guide":"","footnotes":""},"class_list":["post-687","page","type-page","status-publish","hentry"],"coauthors":[],"author_meta":{"author_link":"https:\/\/4kids.com.br\/index.php\/author\/4kids\/","display_name":"4kids"},"relative_dates":{"created":"Publicado 8 anos atr\u00e1s","modified":"Atualizado 5 anos atr\u00e1s"},"absolute_dates":{"created":"Publicado em 26 de mar\u00e7o de 2018","modified":"Atualizado em 23 de maio de 2021"},"absolute_dates_time":{"created":"Publicado em 26 de mar\u00e7o de 2018 09:44","modified":"Atualizado em 23 de maio de 2021 17:29"},"featured_img_caption":"","featured_img":false,"series_order":"","_links":{"self":[{"href":"https:\/\/4kids.com.br\/index.php\/wp-json\/wp\/v2\/pages\/687","targetHints":{"allow":["GET"]}}],"collection":[{"href":"https:\/\/4kids.com.br\/index.php\/wp-json\/wp\/v2\/pages"}],"about":[{"href":"https:\/\/4kids.com.br\/index.php\/wp-json\/wp\/v2\/types\/page"}],"author":[{"embeddable":true,"href":"https:\/\/4kids.com.br\/index.php\/wp-json\/wp\/v2\/users\/1"}],"replies":[{"embeddable":true,"href":"https:\/\/4kids.com.br\/index.php\/wp-json\/wp\/v2\/comments?post=687"}],"version-history":[{"count":0,"href":"https:\/\/4kids.com.br\/index.php\/wp-json\/wp\/v2\/pages\/687\/revisions"}],"wp:attachment":[{"href":"https:\/\/4kids.com.br\/index.php\/wp-json\/wp\/v2\/media?parent=687"}],"curies":[{"name":"wp","href":"https:\/\/api.w.org\/{rel}","templated":true}]}}