{"id":1385,"date":"2021-05-24T02:47:05","date_gmt":"2021-05-24T05:47:05","guid":{"rendered":"http:\/\/4kids.com.br\/index.php\/produto\/blocos-de-montar-morphun-junior-500-pecas\/"},"modified":"2024-12-26T17:07:43","modified_gmt":"2024-12-26T20:07:43","slug":"blocos-de-montar-morphun-junior-500-pecas","status":"publish","type":"product","link":"https:\/\/4kids.com.br\/index.php\/produto\/blocos-de-montar-morphun-junior-500-pecas\/","title":{"rendered":"Blocos de Montar de Pl\u00e1stico Morphun Junior 500 pe\u00e7as"},"content":{"rendered":"<p>Para crian\u00e7as acima de 5 anos, o conjunto Junior 500 vem acompanhado de um conjunto de seis folhas de instru\u00e7\u00f5es com diferentes n\u00edveis de dificuldades, em uma caixa pl\u00e1stica organizadora com al\u00e7a para facilitar o transporte e armazenamento em casa ou na escola.<\/p>\n<p>Com esse kit pode-se construir quaisquer dos modelos propostos nas folhas de instru\u00e7\u00f5es. Pode-se trabalhar com at\u00e9 10 crian\u00e7as montando modelos simples. Para modelos maiores e mais complexos, recomenda-se adquirir mais um Kit. Modelos maiores requerem maior quantidade de pe\u00e7as.<\/p>\n<p>Conte\u00fado:<br \/>. 500 pe\u00e7as<br \/>. Caixa pl\u00e1stica<br \/>. 6 folhas de instru\u00e7\u00f5es.<\/p>\n<p>Fabricado na Pol\u00f4nia. Certificado pelo INMETRO.<\/p>\n<p>Garantia: 1 anos contra defeitos de fabrica\u00e7\u00e3o. \u00a0 \u00a0\u00a0<img decoding=\"async\" class=\"alignnone wp-image-98\" src=\"https:\/\/www.4kidseducacional.com\/wp-content\/uploads\/2017\/05\/Hi-Q-Our-Guarantee-300x300.jpg\" alt=\"\" width=\"195\" height=\"195\" \/><\/p>\n<p><strong>Aten\u00e7\u00e3o! N\u00e3o recomendado para crian\u00e7as menores de 3 anos por conter pe\u00e7as pequenas que podem ser engolidas.<\/strong><\/p>\n<p>As fotos s\u00e3o ilustrativas do produto.<\/p>\n<p>Opcionais para este kit:<br \/>&#8211; Livro-guia (Junior Guide Book &#8211; na foto, deve ser adquirido separadamente) com mais de 60 p\u00e1ginas impermeabilizadas e coloridas com dezenas de modelos em diferentes n\u00edveis de dificuldade.<\/p>\n<p>&#8211; CD (foto) n\u00e3o acompanha o produto. Contem modelos adicionais de montagem.<\/p>\n","protected":false},"excerpt":{"rendered":"<p>Tirar as crian\u00e7as das telas, estimular a criatividade, desenvolver a vis\u00e3o espacial, fazer desafios para modelos mais complexos, ajudar a crian\u00e7a na resolu\u00e3o de problemas, encorajar a crian\u00e7a a construir seus pr\u00f3prios modelos, fica muito mais divertido (Mor-phun) com a participa\u00e7\u00e3o dos pais.<\/p>\n<p>\u00a0<\/p>\n<p>Este kit de pe\u00e7as \u00e9 recomendado para crian\u00e7as \u00e0 partir de 5 anos. O conjunto Junior 170 vem acompanhado de um conjunto de quatro folhas de instru\u00e7\u00f5es com diferentes n\u00edveis de dificuldades, em uma caixa pl\u00e1stica organizadora com al\u00e7a, trava e al\u00e7a, para facilitar o transporte e armazenamento em casa ou na escola.<\/p>\n<p>\u00a0<\/p>\n<p>Com esse kit pode-se construir quaisquer dos modelos propostos nas folhas de instru\u00e7\u00f5es. Pode-se trabalhar com 3 ou 4 crian\u00e7as montando modelos simples. Para modelos maiores e mais complexos, recomenda-se adquirir o Kit com maior quantidade de pe\u00e7as ou Kit adicional.<\/p>\n<p>\u00a0<\/p>\n<p>Conte\u00fado:<br \/>. 170 pe\u00e7as<br \/>. Caixa pl\u00e1stica organizadora com tampa e al\u00e7a<br \/>. 4 folhas de instru\u00e7\u00f5es.<\/p>\n<p>\u00a0<\/p>\n<p>Fabricado na Pol\u00f4nia.<\/p>\n<p>Certificado pelo INMETRO.<\/p>\n<p>Garantia: 12 meses contra defeitos de fabrica\u00e7\u00e3o.\u00a0 \u00a0 \u00a0<\/p>\n<p>\u00a0<\/p>\n<p><strong>Aten\u00e7\u00e3o! N\u00e3o recomendado para crian\u00e7as menores de 3 anos por conter pe\u00e7as pequenas que podem ser engolidas.<\/strong><\/p>\n<p>\u00a0<\/p>\n<p>As fotos s\u00e3o ilustrativas do produto.<\/p>\n<p>\u00a0<\/p>\n<p>Opcionais para este kit:<br \/>\u2013 Livro-guia (Junior Guide Book) com mais de 60 p\u00e1ginas, em formato PDF, com dezenas de modelos em diferentes n\u00edveis de dificuldade.<\/p>\n<p>\u00a0<\/p>\n<h2 class=\"wp-block-heading\" id=\"o-que-e-o-morphun-3262802c-9a74-47e1-a2c6-725b93b49196\" style=\"line-height: 1.3;border: 0px;font-family: 'Open Sans', sans-serif;font-size: 30px;margin: 0px 0px 15px;padding: 0px;vertical-align: baseline;clear: both;color: #333333;background-color: #ffffff\"><span class=\"has-inline-color\" style=\"border: 0px;font-family: inherit;font-style: inherit;font-weight: inherit;margin: 0px;padding: 0px;vertical-align: baseline;color: #00a318\"><em style=\"border: 0px;font-family: inherit;font-weight: inherit;margin: 0px;padding: 0px;vertical-align: baseline\">O Que \u00e9 o Morphun?<\/em><\/span><\/h2>\n<p style=\"margin-bottom: 20px;border: 0px;font-family: 'Open Sans', sans-serif;font-size: 13px;padding: 0px;vertical-align: baseline;color: #7f7d7d;background-color: #ffffff\">Blocos de montar n\u00e3o s\u00e3o todos iguais. Os blocos de montar de pl\u00e1stico da Morphun foram desenvolvidos com finalidade educativa. Composto basicamente de quadrados e tri\u00e2ngulos, estimulam a criatividade da crian\u00e7a, ao mesmo tempo que a desafia para criar muitos modelos.<\/p>\n<p style=\"margin-bottom: 20px;border: 0px;font-family: 'Open Sans', sans-serif;font-size: 13px;padding: 0px;vertical-align: baseline;color: #7f7d7d;background-color: #ffffff\">Morphun \u00e9 um conjunto vers\u00e1til de constru\u00e7\u00e3o que promove a criatividade e melhora o desenvolvimento hol\u00edstico das crian\u00e7as por meio da divers\u00e3o. Composto por tri\u00e2ngulos equil\u00e1teros, quadrados e rodas que se conectam entre si diretamente ou com o uso do hastes de jun\u00e7\u00e3o engenhosas, Morphun leva a atividade de constru\u00e7\u00e3o a um novo n\u00edvel.<\/p>\n<p style=\"margin-bottom: 20px;border: 0px;font-family: 'Open Sans', sans-serif;font-size: 13px;padding: 0px;vertical-align: baseline;color: #7f7d7d;background-color: #ffffff\">O tamanho, peso e projeto de cada um dos conjuntos os tornam acess\u00edveis a crian\u00e7as muito pequenas, que apreendem rapidamente as t\u00e9cnicas para juntar as pe\u00e7as. Al\u00e9m de um brinquedo envolvente para brincadeiras de constru\u00e7\u00e3o, o Morphun \u00e9 um recurso valioso para a sala de aula e foi projetado para promover desenvolvimento infantil.<\/p>\n<h2 class=\"wp-block-heading\" id=\"como-o-morphun-promove-o-desenvolvimento-da-crianca-f96a0b6e-658b-44a7-96e8-f4d0d1ea5334\" style=\"line-height: 1.3;border: 0px;font-family: 'Open Sans', sans-serif;font-size: 30px;margin: 0px 0px 15px;padding: 0px;vertical-align: baseline;clear: both;color: #333333;background-color: #ffffff\"><span class=\"has-inline-color\" style=\"border: 0px;font-family: inherit;font-style: inherit;font-weight: inherit;margin: 0px;padding: 0px;vertical-align: baseline;color: #00a318\"><em style=\"border: 0px;font-family: inherit;font-weight: inherit;margin: 0px;padding: 0px;vertical-align: baseline\">Como o Morphun promove o desenvolvimento da crian\u00e7a?<\/em><\/span><\/h2>\n<p style=\"margin-bottom: 20px;border: 0px;font-family: 'Open Sans', sans-serif;font-size: 13px;padding: 0px;vertical-align: baseline;color: #7f7d7d;background-color: #ffffff\">Morphun promove o desenvolvimento de habilidades f\u00edsicas, cognitivas e sociais, incluindo:<\/p>\n<h4 class=\"wp-block-heading\" id=\"desenvolvimento-fisico-bbe9e392-9ac4-4634-947b-6bb0d6ea6bd2\" style=\"line-height: 1.3;border: 0px;font-family: 'Open Sans', sans-serif;font-size: 20px;margin: 0px 0px 15px;padding: 0px;vertical-align: baseline;clear: both;color: #333333;background-color: #ffffff\"><strong style=\"border: 0px;font-family: inherit;font-style: inherit;margin: 0px;padding: 0px;vertical-align: baseline\">Desenvolvimento F\u00edsico<\/strong><\/h4>\n<ul class=\"wp-block-list\" style=\"border: 0px;font-family: 'Open Sans', sans-serif;font-size: 13px;margin: 0px 0px 15px 20px;padding: 0px;vertical-align: baseline;color: #7f7d7d;background-color: #ffffff\">\n<li style=\"border: 0px;font-family: inherit;font-style: inherit;font-weight: inherit;margin: 0px;padding: 0px;vertical-align: baseline\">Destreza manual<\/li>\n<li style=\"border: 0px;font-family: inherit;font-style: inherit;font-weight: inherit;margin: 0px;padding: 0px;vertical-align: baseline\">Habilidades motoras finas<\/li>\n<li style=\"border: 0px;font-family: inherit;font-style: inherit;font-weight: inherit;margin: 0px;padding: 0px;vertical-align: baseline\">Desenvolvimento dos m\u00fasculos do bra\u00e7o e da m\u00e3o<\/li>\n<li style=\"border: 0px;font-family: inherit;font-style: inherit;font-weight: inherit;margin: 0px;padding: 0px;vertical-align: baseline\"><em style=\"border: 0px;font-family: inherit;font-weight: inherit;margin: 0px;padding: 0px;vertical-align: baseline\">Todas s\u00e3o importantes para caligrafia, habilidades art\u00edsticas e movimentos pequenos e precisos.<\/em><\/li>\n<\/ul>\n<h4 class=\"wp-block-heading\" id=\"desenvolvimento-cognitivo-2b6d1271-f9ee-4e0c-9cc2-4c059ba185a4\" style=\"line-height: 1.3;border: 0px;font-family: 'Open Sans', sans-serif;font-size: 20px;margin: 0px 0px 15px;padding: 0px;vertical-align: baseline;clear: both;color: #333333;background-color: #ffffff\"><strong style=\"border: 0px;font-family: inherit;font-style: inherit;margin: 0px;padding: 0px;vertical-align: baseline\"><span class=\"has-inline-color has-vivid-cyan-blue-color\" style=\"border: 0px;font-family: inherit;font-style: inherit;font-weight: inherit;margin: 0px;padding: 0px;vertical-align: baseline;color: var(--wp--preset--color--vivid-cyan-blue) !important\">Desenvolvimento\u00a0<\/span><span class=\"has-inline-color has-vivid-red-color\" style=\"border: 0px;font-family: inherit;font-style: inherit;font-weight: inherit;margin: 0px;padding: 0px;vertical-align: baseline;color: var(--wp--preset--color--vivid-red) !important\">Cognitivo<\/span><\/strong><\/h4>\n<ul class=\"wp-block-list\" style=\"border: 0px;font-family: 'Open Sans', sans-serif;font-size: 13px;margin: 0px 0px 15px 20px;padding: 0px;vertical-align: baseline;color: #7f7d7d;background-color: #ffffff\">\n<li style=\"border: 0px;font-family: inherit;font-style: inherit;font-weight: inherit;margin: 0px;padding: 0px;vertical-align: baseline\">Reconhecimento de formas, cores e padr\u00f5es repetitivos<\/li>\n<li style=\"border: 0px;font-family: inherit;font-style: inherit;font-weight: inherit;margin: 0px;padding: 0px;vertical-align: baseline\">Contar<\/li>\n<li style=\"border: 0px;font-family: inherit;font-style: inherit;font-weight: inherit;margin: 0px;padding: 0px;vertical-align: baseline\">Classificar<\/li>\n<li style=\"border: 0px;font-family: inherit;font-style: inherit;font-weight: inherit;margin: 0px;padding: 0px;vertical-align: baseline\"><em style=\"border: 0px;font-family: inherit;font-weight: inherit;margin: 0px;padding: 0px;vertical-align: baseline\">Todas s\u00e3o importantes para habilidades b\u00e1sicas de matem\u00e1tica<\/em><\/li>\n<\/ul>\n<h4 class=\"wp-block-heading\" id=\"habilidades-para-a-vida-890dfd5e-bf83-4bff-8b22-b1821efc0ce0\" style=\"line-height: 1.3;border: 0px;font-family: 'Open Sans', sans-serif;font-size: 20px;margin: 0px 0px 15px;padding: 0px;vertical-align: baseline;clear: both;color: #333333;background-color: #ffffff\"><strong style=\"border: 0px;font-family: inherit;font-style: inherit;margin: 0px;padding: 0px;vertical-align: baseline\">Habilidades para a Vida<\/strong><\/h4>\n<ul class=\"wp-block-list\" style=\"border: 0px;font-family: 'Open Sans', sans-serif;font-size: 13px;margin: 0px 0px 15px 20px;padding: 0px;vertical-align: baseline;color: #7f7d7d;background-color: #ffffff\">\n<li style=\"border: 0px;font-family: inherit;font-style: inherit;font-weight: inherit;margin: 0px;padding: 0px;vertical-align: baseline\">Criatividade<\/li>\n<li style=\"border: 0px;font-family: inherit;font-style: inherit;font-weight: inherit;margin: 0px;padding: 0px;vertical-align: baseline\">Imagina\u00e7\u00e3o<\/li>\n<li style=\"border: 0px;font-family: inherit;font-style: inherit;font-weight: inherit;margin: 0px;padding: 0px;vertical-align: baseline\">Resolu\u00e7\u00e3o de problemas e pensamento l\u00f3gico<\/li>\n<li style=\"border: 0px;font-family: inherit;font-style: inherit;font-weight: inherit;margin: 0px;padding: 0px;vertical-align: baseline\"><em style=\"border: 0px;font-family: inherit;font-weight: inherit;margin: 0px;padding: 0px;vertical-align: baseline\">Todas s\u00e3o importantes para a auto-express\u00e3o e confian\u00e7a.<\/em><\/li>\n<\/ul>\n<h4 class=\"wp-block-heading\" id=\"habilidades-sociais-338b4686-4b0c-4d47-8cd0-6d2feff23fbc\" style=\"line-height: 1.3;border: 0px;font-family: 'Open Sans', sans-serif;font-size: 20px;margin: 0px 0px 15px;padding: 0px;vertical-align: baseline;clear: both;color: #333333;background-color: #ffffff\"><strong style=\"border: 0px;font-family: inherit;font-style: inherit;margin: 0px;padding: 0px;vertical-align: baseline\">Habilidades Sociais<\/strong><\/h4>\n<ul class=\"wp-block-list\" style=\"border: 0px;font-family: 'Open Sans', sans-serif;font-size: 13px;margin: 0px 0px 15px 20px;padding: 0px;vertical-align: baseline;color: #7f7d7d;background-color: #ffffff\">\n<li style=\"border: 0px;font-family: inherit;font-style: inherit;font-weight: inherit;margin: 0px;padding: 0px;vertical-align: baseline\">Trabalho em equipe e coopera\u00e7\u00e3o<\/li>\n<li style=\"border: 0px;font-family: inherit;font-style: inherit;font-weight: inherit;margin: 0px;padding: 0px;vertical-align: baseline\">Comunica\u00e7\u00e3o<\/li>\n<li style=\"border: 0px;font-family: inherit;font-style: inherit;font-weight: inherit;margin: 0px;padding: 0px;vertical-align: baseline\">Compartilhamento e tomada de turnos<\/li>\n<li style=\"border: 0px;font-family: inherit;font-style: inherit;font-weight: inherit;margin: 0px;padding: 0px;vertical-align: baseline\"><em style=\"border: 0px;font-family: inherit;font-weight: inherit;margin: 0px;padding: 0px;vertical-align: baseline\">Todas s\u00e3o importantes para o desenvolvimento social.<\/em><\/li>\n<\/ul>\n","protected":false},"author":1,"featured_media":1346,"comment_status":"closed","ping_status":"closed","template":"","meta":{"advgb_blocks_editor_width":"","advgb_blocks_columns_visual_guide":""},"product_brand":[],"product_cat":[40,48,53,52,51,41],"product_tag":[],"class_list":{"0":"post-1385","1":"product","2":"type-product","3":"status-publish","4":"has-post-thumbnail","6":"product_cat-blocos-de-montar","7":"product_cat-colecao-escolas","8":"product_cat-de-4-a-5-anos","9":"product_cat-de-6-a-7-anos","10":"product_cat-de-7-a-9-anos","11":"product_cat-morphun","13":"first","14":"instock","15":"sale","16":"purchasable","17":"product-type-simple"},"featured_img":"https:\/\/4kids.com.br\/wp-content\/uploads\/2021\/05\/junior_500_cover.jpg","coauthors":[],"author_meta":{"author_link":"https:\/\/4kids.com.br\/index.php\/author\/4kids\/","display_name":"4kids"},"relative_dates":{"created":"Publicado 5 anos atr\u00e1s","modified":"Atualizado 1 ano atr\u00e1s"},"absolute_dates":{"created":"Publicado em 24 de maio de 2021","modified":"Atualizado em 26 de dezembro de 2024"},"absolute_dates_time":{"created":"Publicado em 24 de maio de 2021 02:47","modified":"Atualizado em 26 de dezembro de 2024 17:07"},"featured_img_caption":"","tax_additional":{"product_brand":{"linked":[],"unlinked":[],"slug":"product_brand","name":"Marcas"},"product_type":{"linked":["<a href=\"https:\/\/4kids.com.br\/?taxonomy=product_type&#038;term=simple\" class=\"advgb-post-tax-term\">simple<\/a>"],"unlinked":["<span class=\"advgb-post-tax-term\">simple<\/span>"],"slug":"product_type","name":"Tipo de produto"},"product_visibility":{"linked":[],"unlinked":[],"slug":"product_visibility","name":"Visibilidade do produto"},"product_cat":{"linked":["<a href=\"https:\/\/4kids.com.br\/index.php\/categoria-produto\/blocos-de-montar\/\" class=\"advgb-post-tax-term\">Blocos de Montar<\/a>","<a href=\"https:\/\/4kids.com.br\/index.php\/categoria-produto\/colecao-escolas\/\" class=\"advgb-post-tax-term\">Cole\u00e7\u00e3o Escolas<\/a>","<a href=\"https:\/\/4kids.com.br\/index.php\/categoria-produto\/idade\/de-4-a-5-anos\/\" class=\"advgb-post-tax-term\">De 4 a 5 Anos<\/a>","<a href=\"https:\/\/4kids.com.br\/index.php\/categoria-produto\/idade\/de-6-a-7-anos\/\" class=\"advgb-post-tax-term\">De 6 a 7 Anos<\/a>","<a href=\"https:\/\/4kids.com.br\/index.php\/categoria-produto\/idade\/de-7-a-9-anos\/\" class=\"advgb-post-tax-term\">De 7 a 9 Anos<\/a>","<a href=\"https:\/\/4kids.com.br\/index.php\/categoria-produto\/morphun\/\" class=\"advgb-post-tax-term\">Morphun<\/a>"],"unlinked":["<span class=\"advgb-post-tax-term\">Blocos de Montar<\/span>","<span class=\"advgb-post-tax-term\">Cole\u00e7\u00e3o Escolas<\/span>","<span class=\"advgb-post-tax-term\">De 4 a 5 Anos<\/span>","<span class=\"advgb-post-tax-term\">De 6 a 7 Anos<\/span>","<span class=\"advgb-post-tax-term\">De 7 a 9 Anos<\/span>","<span class=\"advgb-post-tax-term\">Morphun<\/span>"],"slug":"product_cat","name":"Categorias de produto"},"product_tag":{"linked":[],"unlinked":[],"slug":"product_tag","name":"Tags de produto"},"product_shipping_class":{"linked":[],"unlinked":[],"slug":"product_shipping_class","name":"Classes de entrega do produto"}},"series_order":"","_links":{"self":[{"href":"https:\/\/4kids.com.br\/index.php\/wp-json\/wp\/v2\/product\/1385","targetHints":{"allow":["GET"]}}],"collection":[{"href":"https:\/\/4kids.com.br\/index.php\/wp-json\/wp\/v2\/product"}],"about":[{"href":"https:\/\/4kids.com.br\/index.php\/wp-json\/wp\/v2\/types\/product"}],"replies":[{"embeddable":true,"href":"https:\/\/4kids.com.br\/index.php\/wp-json\/wp\/v2\/comments?post=1385"}],"wp:featuredmedia":[{"embeddable":true,"href":"https:\/\/4kids.com.br\/index.php\/wp-json\/wp\/v2\/media\/1346"}],"wp:attachment":[{"href":"https:\/\/4kids.com.br\/index.php\/wp-json\/wp\/v2\/media?parent=1385"}],"wp:term":[{"taxonomy":"product_brand","embeddable":true,"href":"https:\/\/4kids.com.br\/index.php\/wp-json\/wp\/v2\/product_brand?post=1385"},{"taxonomy":"product_cat","embeddable":true,"href":"https:\/\/4kids.com.br\/index.php\/wp-json\/wp\/v2\/product_cat?post=1385"},{"taxonomy":"product_tag","embeddable":true,"href":"https:\/\/4kids.com.br\/index.php\/wp-json\/wp\/v2\/product_tag?post=1385"}],"curies":[{"name":"wp","href":"https:\/\/api.w.org\/{rel}","templated":true}]}}