{"id":1387,"date":"2021-05-24T02:47:05","date_gmt":"2021-05-24T05:47:05","guid":{"rendered":"http:\/\/4kids.com.br\/index.php\/produto\/junior-guidebook-caderno-de-modelos-adicionais-folhas-soltas\/"},"modified":"2025-10-11T16:05:37","modified_gmt":"2025-10-11T19:05:37","slug":"junior-guidebook-caderno-de-modelos-adicionais-folhas-soltas","status":"publish","type":"product","link":"https:\/\/4kids.com.br\/index.php\/produto\/junior-guidebook-caderno-de-modelos-adicionais-folhas-soltas\/","title":{"rendered":"Linha Junior &#8211; Caderno de modelos adicionais para blocos de montar Morphun (Folhas Soltas)"},"content":{"rendered":"<p>Este guia de 60 p\u00e1ginas coloridas impressas em alta resolu\u00e7\u00e3o, em papel de alta densidade, imperme\u00e1veis e bem resistente, \u00e9 fornecido em folhas soltas, embalados em um pl\u00e1stico para conserva\u00e7\u00e3o quando n\u00e3o estiver em uso.<\/p>\n<p>Este guia traz centenas de modelos tridimensionais e formas diversas, usando os Kits de blocos de montar da linha Junior da Morphun. Os modelos s\u00e3o apresentados em ordem crescente de grau de dificuldade. As crian\u00e7as se concentram e s\u00e3o envolvidas pelos desafios de montagem.<\/p>\n<p>Opcionalmente, este Guia pode ser fornecido encadernado.<\/p>\n","protected":false},"excerpt":{"rendered":"<p>Este guia de 60 p\u00e1ginas coloridas impressas em alta resolu\u00e7\u00e3o, em papel de alta densidade, imperme\u00e1veis e bem resistente, \u00e9 fornecido em folhas soltas, embalados em um pl\u00e1stico para conserva\u00e7\u00e3o quando n\u00e3o estiver em uso.<\/p>\n<p>Este guia traz centenas de modelos tridimensionais e formas diversas, usando os Kits de blocos de montar da linha Junior da Morphun. Os modelos s\u00e3o apresentados em ordem crescente de grau de dificuldade. As crian\u00e7as se concentram e s\u00e3o envolvidas pelos desafios de montagem.<\/p>\n<p>Opcionalmente, este Guia pode ser fornecido encadernado.<\/p>\n","protected":false},"author":1,"featured_media":1349,"comment_status":"closed","ping_status":"closed","template":"","meta":{"advgb_blocks_editor_width":"","advgb_blocks_columns_visual_guide":""},"product_brand":[],"product_cat":[40,48,53,52,51],"product_tag":[],"class_list":{"0":"post-1387","1":"product","2":"type-product","3":"status-publish","4":"has-post-thumbnail","6":"product_cat-blocos-de-montar","7":"product_cat-colecao-escolas","8":"product_cat-de-4-a-5-anos","9":"product_cat-de-6-a-7-anos","10":"product_cat-de-7-a-9-anos","12":"first","13":"instock","14":"sale","15":"purchasable","16":"product-type-simple"},"featured_img":"https:\/\/4kids.com.br\/wp-content\/uploads\/2021\/05\/junior_solto_cover.jpg","coauthors":[],"author_meta":{"author_link":"https:\/\/4kids.com.br\/index.php\/author\/4kids\/","display_name":"4kids"},"relative_dates":{"created":"Publicado 5 anos atr\u00e1s","modified":"Atualizado 7 meses atr\u00e1s"},"absolute_dates":{"created":"Publicado em 24 de maio de 2021","modified":"Atualizado em 11 de outubro de 2025"},"absolute_dates_time":{"created":"Publicado em 24 de maio de 2021 02:47","modified":"Atualizado em 11 de outubro de 2025 16:05"},"featured_img_caption":"","tax_additional":{"product_brand":{"linked":[],"unlinked":[],"slug":"product_brand","name":"Marcas"},"product_type":{"linked":["<a href=\"https:\/\/4kids.com.br\/?taxonomy=product_type&#038;term=simple\" class=\"advgb-post-tax-term\">simple<\/a>"],"unlinked":["<span class=\"advgb-post-tax-term\">simple<\/span>"],"slug":"product_type","name":"Tipo de produto"},"product_visibility":{"linked":[],"unlinked":[],"slug":"product_visibility","name":"Visibilidade do produto"},"product_cat":{"linked":["<a href=\"https:\/\/4kids.com.br\/index.php\/categoria-produto\/blocos-de-montar\/\" class=\"advgb-post-tax-term\">Blocos de Montar<\/a>","<a href=\"https:\/\/4kids.com.br\/index.php\/categoria-produto\/colecao-escolas\/\" class=\"advgb-post-tax-term\">Cole\u00e7\u00e3o Escolas<\/a>","<a href=\"https:\/\/4kids.com.br\/index.php\/categoria-produto\/idade\/de-4-a-5-anos\/\" class=\"advgb-post-tax-term\">De 4 a 5 Anos<\/a>","<a href=\"https:\/\/4kids.com.br\/index.php\/categoria-produto\/idade\/de-6-a-7-anos\/\" class=\"advgb-post-tax-term\">De 6 a 7 Anos<\/a>","<a href=\"https:\/\/4kids.com.br\/index.php\/categoria-produto\/idade\/de-7-a-9-anos\/\" class=\"advgb-post-tax-term\">De 7 a 9 Anos<\/a>"],"unlinked":["<span class=\"advgb-post-tax-term\">Blocos de Montar<\/span>","<span class=\"advgb-post-tax-term\">Cole\u00e7\u00e3o Escolas<\/span>","<span class=\"advgb-post-tax-term\">De 4 a 5 Anos<\/span>","<span class=\"advgb-post-tax-term\">De 6 a 7 Anos<\/span>","<span class=\"advgb-post-tax-term\">De 7 a 9 Anos<\/span>"],"slug":"product_cat","name":"Categorias de produto"},"product_tag":{"linked":[],"unlinked":[],"slug":"product_tag","name":"Tags de produto"},"product_shipping_class":{"linked":[],"unlinked":[],"slug":"product_shipping_class","name":"Classes de entrega do produto"}},"series_order":"","_links":{"self":[{"href":"https:\/\/4kids.com.br\/index.php\/wp-json\/wp\/v2\/product\/1387","targetHints":{"allow":["GET"]}}],"collection":[{"href":"https:\/\/4kids.com.br\/index.php\/wp-json\/wp\/v2\/product"}],"about":[{"href":"https:\/\/4kids.com.br\/index.php\/wp-json\/wp\/v2\/types\/product"}],"replies":[{"embeddable":true,"href":"https:\/\/4kids.com.br\/index.php\/wp-json\/wp\/v2\/comments?post=1387"}],"wp:featuredmedia":[{"embeddable":true,"href":"https:\/\/4kids.com.br\/index.php\/wp-json\/wp\/v2\/media\/1349"}],"wp:attachment":[{"href":"https:\/\/4kids.com.br\/index.php\/wp-json\/wp\/v2\/media?parent=1387"}],"wp:term":[{"taxonomy":"product_brand","embeddable":true,"href":"https:\/\/4kids.com.br\/index.php\/wp-json\/wp\/v2\/product_brand?post=1387"},{"taxonomy":"product_cat","embeddable":true,"href":"https:\/\/4kids.com.br\/index.php\/wp-json\/wp\/v2\/product_cat?post=1387"},{"taxonomy":"product_tag","embeddable":true,"href":"https:\/\/4kids.com.br\/index.php\/wp-json\/wp\/v2\/product_tag?post=1387"}],"curies":[{"name":"wp","href":"https:\/\/api.w.org\/{rel}","templated":true}]}}