{"id":1390,"date":"2021-05-24T02:47:05","date_gmt":"2021-05-24T05:47:05","guid":{"rendered":"http:\/\/4kids.com.br\/index.php\/produto\/blocos-de-montar-morphun-junior-starter-600-pecas\/"},"modified":"2024-02-19T12:35:36","modified_gmt":"2024-02-19T15:35:36","slug":"blocos-de-montar-morphun-junior-starter-600-pecas","status":"publish","type":"product","link":"https:\/\/4kids.com.br\/index.php\/produto\/blocos-de-montar-morphun-junior-starter-600-pecas\/","title":{"rendered":"Blocos de Montar de Pl\u00e1stico Morphun Junior Starter 600 pe\u00e7as"},"content":{"rendered":"<p>Para crian\u00e7as acima de 3 anos, o conjunto Junior Starter 600 vem acompanhado de um conjunto de quatro folhas de instru\u00e7\u00f5es com diferentes n\u00edveis de dificuldades, em uma caixa pl\u00e1stica organizadora com al\u00e7a para facilitar o transporte e armazenamento em casa ou na escola.<\/p>\n<p>Com esse kit pode-se construir quaisquer dos modelos propostos nas folhas de instru\u00e7\u00f5es. S\u00e3o modelos mais simples e com a ajuda de um adulto as crian\u00e7as \u00e0 partir de 4 anos podem ser estimuladas a montar seus animais, plantas e ve\u00edculos preferidos. Pode-se trabalhar com at\u00e9 10 crian\u00e7as montando modelos simples. Para modelos maiores e mais complexos, recomenda-se adquirir o Kit com maior quantidade de pe\u00e7as.<\/p>\n<p>Conte\u00fado:<br \/>\n. 600 pe\u00e7as<br \/>\n. Caixa pl\u00e1stica<br \/>\n. 4 folhas de instru\u00e7\u00f5es.<\/p>\n<p>Fabricado na Pol\u00f4nia. Certificado pelo INMETRO.<\/p>\n<p><b>Aten\u00e7\u00e3o! N\u00e3o recomendado para crian\u00e7as menores de 3 anos por conter pe\u00e7as pequenas que podem ser engolidas.<\/b><\/p>\n<p>As fotos s\u00e3o ilustrativas do produto.<\/p>\n<p>Opcionais para este kit:<br \/>\n&#8211; Livro-guia (Junior Starter Guide Book) com mais de 60 p\u00e1ginas impermeabilizadas e coloridas com dezenas de modelos em diferentes n\u00edveis de dificuldade.<\/p>\n","protected":false},"excerpt":{"rendered":"<p>Os Blocos de Montar de Pl\u00e1stico &#8211; Junior Starter 600 pe\u00e7as trazem muita divers\u00e3o e entretenimento, al\u00e9m de estimular a criatividade e desenvolver habilidades cognitivas na crian\u00e7a. Uma excelente op\u00e7\u00e3o educacional para tirar as crian\u00e7as das telas. <a href=\"https:\/\/4kids.com.br\/index.php\/2021\/05\/22\/blocos-de-montar-de-plastico\/\">Saiba mais clicando AQUI.<\/a><\/p>\n<p>Com esse kit pode-se construir quaisquer dos modelos propostos nas folhas de instru\u00e7\u00f5es. S\u00e3o modelos mais simples e com a ajuda de um adulto as crian\u00e7as \u00e0 partir de 4 anos podem ser estimuladas a montar seus animais, plantas e ve\u00edculos preferidos. Pode-se trabalhar com at\u00e9 10 crian\u00e7as montando modelos simples. Para modelos maiores e mais complexos, recomenda-se adquirir o Kit com maior quantidade de pe\u00e7as.<\/p>\n<p>Conte\u00fado:<br \/>\n. 600 pe\u00e7as<br \/>\n. Caixa pl\u00e1stica organizadora<br \/>\n. 4 folhas de instru\u00e7\u00f5es.<\/p>\n<p>Fabricado na Pol\u00f4nia. Certificado pelo INMETRO.<\/p>\n<p><b>Aten\u00e7\u00e3o! N\u00e3o recomendado para crian\u00e7as menores de 3 anos por conter pe\u00e7as pequenas que podem ser engolidas.<\/b><\/p>\n<p>As fotos s\u00e3o ilustrativas do produto.<\/p>\n<p>Opcionais para este kit:<br \/>\n&#8211; Livro-guia (Junior Starter Guide Book) com mais de 60 p\u00e1ginas impermeabilizadas e coloridas com dezenas de modelos em diferentes n\u00edveis de dificuldade.<\/p>\n","protected":false},"author":1,"featured_media":1373,"comment_status":"closed","ping_status":"closed","template":"","meta":{"advgb_blocks_editor_width":"","advgb_blocks_columns_visual_guide":""},"product_brand":[],"product_cat":[40,48,53,24,41],"product_tag":[],"class_list":{"0":"post-1390","1":"product","2":"type-product","3":"status-publish","4":"has-post-thumbnail","6":"product_cat-blocos-de-montar","7":"product_cat-colecao-escolas","8":"product_cat-de-4-a-5-anos","9":"product_cat-kid-collection","10":"product_cat-morphun","12":"first","13":"outofstock","14":"purchasable","15":"product-type-simple"},"featured_img":"https:\/\/4kids.com.br\/wp-content\/uploads\/2021\/05\/junior_starter_600_02.jpg","coauthors":[],"author_meta":{"author_link":"https:\/\/4kids.com.br\/index.php\/author\/4kids\/","display_name":"4kids"},"relative_dates":{"created":"Publicado 5 anos atr\u00e1s","modified":"Atualizado 2 anos atr\u00e1s"},"absolute_dates":{"created":"Publicado em 24 de maio de 2021","modified":"Atualizado em 19 de fevereiro de 2024"},"absolute_dates_time":{"created":"Publicado em 24 de maio de 2021 02:47","modified":"Atualizado em 19 de fevereiro de 2024 12:35"},"featured_img_caption":"","tax_additional":{"product_brand":{"linked":[],"unlinked":[],"slug":"product_brand","name":"Marcas"},"product_type":{"linked":["<a href=\"https:\/\/4kids.com.br\/?taxonomy=product_type&#038;term=simple\" class=\"advgb-post-tax-term\">simple<\/a>"],"unlinked":["<span class=\"advgb-post-tax-term\">simple<\/span>"],"slug":"product_type","name":"Tipo de produto"},"product_visibility":{"linked":["<a href=\"https:\/\/4kids.com.br\/?taxonomy=product_visibility&#038;term=outofstock\" class=\"advgb-post-tax-term\">outofstock<\/a>"],"unlinked":["<span class=\"advgb-post-tax-term\">outofstock<\/span>"],"slug":"product_visibility","name":"Visibilidade do produto"},"product_cat":{"linked":["<a href=\"https:\/\/4kids.com.br\/index.php\/categoria-produto\/blocos-de-montar\/\" class=\"advgb-post-tax-term\">Blocos de Montar<\/a>","<a href=\"https:\/\/4kids.com.br\/index.php\/categoria-produto\/colecao-escolas\/\" class=\"advgb-post-tax-term\">Cole\u00e7\u00e3o Escolas<\/a>","<a href=\"https:\/\/4kids.com.br\/index.php\/categoria-produto\/idade\/de-4-a-5-anos\/\" class=\"advgb-post-tax-term\">De 4 a 5 Anos<\/a>","<a href=\"https:\/\/4kids.com.br\/index.php\/categoria-produto\/kid-collection\/\" class=\"advgb-post-tax-term\">Kids Collection<\/a>","<a href=\"https:\/\/4kids.com.br\/index.php\/categoria-produto\/morphun\/\" class=\"advgb-post-tax-term\">Morphun<\/a>"],"unlinked":["<span class=\"advgb-post-tax-term\">Blocos de Montar<\/span>","<span class=\"advgb-post-tax-term\">Cole\u00e7\u00e3o Escolas<\/span>","<span class=\"advgb-post-tax-term\">De 4 a 5 Anos<\/span>","<span class=\"advgb-post-tax-term\">Kids Collection<\/span>","<span class=\"advgb-post-tax-term\">Morphun<\/span>"],"slug":"product_cat","name":"Categorias de produto"},"product_tag":{"linked":[],"unlinked":[],"slug":"product_tag","name":"Tags de produto"},"product_shipping_class":{"linked":[],"unlinked":[],"slug":"product_shipping_class","name":"Classes de entrega do produto"}},"series_order":"","_links":{"self":[{"href":"https:\/\/4kids.com.br\/index.php\/wp-json\/wp\/v2\/product\/1390","targetHints":{"allow":["GET"]}}],"collection":[{"href":"https:\/\/4kids.com.br\/index.php\/wp-json\/wp\/v2\/product"}],"about":[{"href":"https:\/\/4kids.com.br\/index.php\/wp-json\/wp\/v2\/types\/product"}],"replies":[{"embeddable":true,"href":"https:\/\/4kids.com.br\/index.php\/wp-json\/wp\/v2\/comments?post=1390"}],"wp:featuredmedia":[{"embeddable":true,"href":"https:\/\/4kids.com.br\/index.php\/wp-json\/wp\/v2\/media\/1373"}],"wp:attachment":[{"href":"https:\/\/4kids.com.br\/index.php\/wp-json\/wp\/v2\/media?parent=1390"}],"wp:term":[{"taxonomy":"product_brand","embeddable":true,"href":"https:\/\/4kids.com.br\/index.php\/wp-json\/wp\/v2\/product_brand?post=1390"},{"taxonomy":"product_cat","embeddable":true,"href":"https:\/\/4kids.com.br\/index.php\/wp-json\/wp\/v2\/product_cat?post=1390"},{"taxonomy":"product_tag","embeddable":true,"href":"https:\/\/4kids.com.br\/index.php\/wp-json\/wp\/v2\/product_tag?post=1390"}],"curies":[{"name":"wp","href":"https:\/\/api.w.org\/{rel}","templated":true}]}}