{"id":1391,"date":"2021-05-24T02:47:05","date_gmt":"2021-05-24T05:47:05","guid":{"rendered":"http:\/\/4kids.com.br\/index.php\/produto\/junior-starter-guidebook-caderno-de-modelos-adicionais-encadernado\/"},"modified":"2024-03-23T18:12:32","modified_gmt":"2024-03-23T21:12:32","slug":"junior-starter-guidebook-caderno-de-modelos-adicionais-encadernado","status":"publish","type":"product","link":"https:\/\/4kids.com.br\/index.php\/produto\/junior-starter-guidebook-caderno-de-modelos-adicionais-encadernado\/","title":{"rendered":"Linha Junior Starter &#8211; Caderno de modelos adicionais para blocos de montar Morphun (Encadernado)"},"content":{"rendered":"<p>Este guia de 60 p\u00e1ginas coloridas impressas em alta resolu\u00e7\u00e3o, em papel de alta densidade, imperme\u00e1veis e bem resistente, \u00e9 encadernado em espiral.<\/p>\n<p>Este guia traz centenas de modelos tridimensionais e formas diversas, usando os Kits de blocos de montar da linha Junior Starter da Morphun. Os modelos s\u00e3o apresentados em ordem crescente de grau de dificuldade. As crian\u00e7as se concentram e s\u00e3o envolvidas pelos desafios de montagem.<\/p>\n<p>Opcionalmente, este Guia pode ser fornecido em p\u00e1ginas soltas, com a mesma qualidade e durabilidade dos Guia encadernados.<\/p>\n","protected":false},"excerpt":{"rendered":"<p>Este guia de 60 p\u00e1ginas coloridas impressas em alta resolu\u00e7\u00e3o, em papel de alta densidade, imperme\u00e1veis e bem resistente, \u00e9 encadernado em espiral.<\/p>\n<p>Este guia traz centenas de modelos tridimensionais e formas diversas, usando os Kits de blocos de montar da linha Junior Starter da Morphun. Os modelos s\u00e3o apresentados em ordem crescente de grau de dificuldade. As crian\u00e7as se concentram e s\u00e3o envolvidas pelos desafios de montagem.<\/p>\n<p>Opcionalmente, este Guia pode ser fornecido em p\u00e1ginas soltas, com a mesma qualidade e durabilidade dos Guia encadernados.<\/p>\n","protected":false},"author":1,"featured_media":1381,"comment_status":"closed","ping_status":"closed","template":"","meta":{"advgb_blocks_editor_width":"","advgb_blocks_columns_visual_guide":""},"product_brand":[],"product_cat":[40,48,53,24,41],"product_tag":[],"class_list":{"0":"post-1391","1":"product","2":"type-product","3":"status-publish","4":"has-post-thumbnail","6":"product_cat-blocos-de-montar","7":"product_cat-colecao-escolas","8":"product_cat-de-4-a-5-anos","9":"product_cat-kid-collection","10":"product_cat-morphun","12":"first","13":"outofstock","14":"purchasable","15":"product-type-simple"},"featured_img":"https:\/\/4kids.com.br\/wp-content\/uploads\/2021\/05\/junior_starter_guide_cover.jpg","coauthors":[],"author_meta":{"author_link":"https:\/\/4kids.com.br\/index.php\/author\/4kids\/","display_name":"4kids"},"relative_dates":{"created":"Publicado 5 anos atr\u00e1s","modified":"Atualizado 2 anos atr\u00e1s"},"absolute_dates":{"created":"Publicado em 24 de maio de 2021","modified":"Atualizado em 23 de mar\u00e7o de 2024"},"absolute_dates_time":{"created":"Publicado em 24 de maio de 2021 02:47","modified":"Atualizado em 23 de mar\u00e7o de 2024 18:12"},"featured_img_caption":"","tax_additional":{"product_brand":{"linked":[],"unlinked":[],"slug":"product_brand","name":"Marcas"},"product_type":{"linked":["<a href=\"https:\/\/4kids.com.br\/?taxonomy=product_type&#038;term=simple\" class=\"advgb-post-tax-term\">simple<\/a>"],"unlinked":["<span class=\"advgb-post-tax-term\">simple<\/span>"],"slug":"product_type","name":"Tipo de produto"},"product_visibility":{"linked":["<a href=\"https:\/\/4kids.com.br\/?taxonomy=product_visibility&#038;term=outofstock\" class=\"advgb-post-tax-term\">outofstock<\/a>"],"unlinked":["<span class=\"advgb-post-tax-term\">outofstock<\/span>"],"slug":"product_visibility","name":"Visibilidade do produto"},"product_cat":{"linked":["<a href=\"https:\/\/4kids.com.br\/index.php\/categoria-produto\/blocos-de-montar\/\" class=\"advgb-post-tax-term\">Blocos de Montar<\/a>","<a href=\"https:\/\/4kids.com.br\/index.php\/categoria-produto\/colecao-escolas\/\" class=\"advgb-post-tax-term\">Cole\u00e7\u00e3o Escolas<\/a>","<a href=\"https:\/\/4kids.com.br\/index.php\/categoria-produto\/idade\/de-4-a-5-anos\/\" class=\"advgb-post-tax-term\">De 4 a 5 Anos<\/a>","<a href=\"https:\/\/4kids.com.br\/index.php\/categoria-produto\/kid-collection\/\" class=\"advgb-post-tax-term\">Kids Collection<\/a>","<a href=\"https:\/\/4kids.com.br\/index.php\/categoria-produto\/morphun\/\" class=\"advgb-post-tax-term\">Morphun<\/a>"],"unlinked":["<span class=\"advgb-post-tax-term\">Blocos de Montar<\/span>","<span class=\"advgb-post-tax-term\">Cole\u00e7\u00e3o Escolas<\/span>","<span class=\"advgb-post-tax-term\">De 4 a 5 Anos<\/span>","<span class=\"advgb-post-tax-term\">Kids Collection<\/span>","<span class=\"advgb-post-tax-term\">Morphun<\/span>"],"slug":"product_cat","name":"Categorias de produto"},"product_tag":{"linked":[],"unlinked":[],"slug":"product_tag","name":"Tags de produto"},"product_shipping_class":{"linked":[],"unlinked":[],"slug":"product_shipping_class","name":"Classes de entrega do produto"}},"series_order":"","_links":{"self":[{"href":"https:\/\/4kids.com.br\/index.php\/wp-json\/wp\/v2\/product\/1391","targetHints":{"allow":["GET"]}}],"collection":[{"href":"https:\/\/4kids.com.br\/index.php\/wp-json\/wp\/v2\/product"}],"about":[{"href":"https:\/\/4kids.com.br\/index.php\/wp-json\/wp\/v2\/types\/product"}],"replies":[{"embeddable":true,"href":"https:\/\/4kids.com.br\/index.php\/wp-json\/wp\/v2\/comments?post=1391"}],"wp:featuredmedia":[{"embeddable":true,"href":"https:\/\/4kids.com.br\/index.php\/wp-json\/wp\/v2\/media\/1381"}],"wp:attachment":[{"href":"https:\/\/4kids.com.br\/index.php\/wp-json\/wp\/v2\/media?parent=1391"}],"wp:term":[{"taxonomy":"product_brand","embeddable":true,"href":"https:\/\/4kids.com.br\/index.php\/wp-json\/wp\/v2\/product_brand?post=1391"},{"taxonomy":"product_cat","embeddable":true,"href":"https:\/\/4kids.com.br\/index.php\/wp-json\/wp\/v2\/product_cat?post=1391"},{"taxonomy":"product_tag","embeddable":true,"href":"https:\/\/4kids.com.br\/index.php\/wp-json\/wp\/v2\/product_tag?post=1391"}],"curies":[{"name":"wp","href":"https:\/\/api.w.org\/{rel}","templated":true}]}}