{"id":1720,"date":"2021-06-22T00:21:02","date_gmt":"2021-06-22T03:21:02","guid":{"rendered":"https:\/\/4kids.com.br\/?post_type=product&#038;p=1720"},"modified":"2023-10-05T23:24:45","modified_gmt":"2023-10-06T02:24:45","slug":"curso-de-capacitacao-introducao-a-robotica-com-blocos-de-montar-morphun","status":"publish","type":"product","link":"https:\/\/4kids.com.br\/index.php\/produto\/curso-de-capacitacao-introducao-a-robotica-com-blocos-de-montar-morphun\/","title":{"rendered":"CURSO DE CAPACITA\u00c7\u00c3O \u2013 INTRODU\u00c7\u00c3O \u00c0 ROB\u00d3TICA COM BLOCOS DE MONTAR MORPHUN"},"content":{"rendered":"<p>CURSO DE CAPACITA\u00c7\u00c3O \u2013 INTRODU\u00c7\u00c3O \u00c0 ROB\u00d3TICA COM BLOCOS DE MONTAR MORPHUN.<\/p>\n<p>Este curso tem por objetivo capacitar profissionais que lidam com educa\u00e7\u00e3o infantil e fundamental, bem como psicopedagogia e neuro-psicopedagogia, no uso dos blocos de montar de pl\u00e1stico para desenvolver diversas habilidades cognitivas e introduzir os conceitos de rob\u00f3tica para as crian\u00e7as.<\/p>\n<p>Este treinamento \u00e9 totalmente online e fornece a licen\u00e7a de uso para 5 usu\u00e1rios, com direito a acesso ilimitado e recebendo todas as atualiza\u00e7\u00f5es de conte\u00fado, por 01 (um) ano.<\/p>\n<p><strong>Aten\u00e7\u00e3o! N\u00e3o compre este curso se voc\u00ea n\u00e3o possui os blocos de montar da Morphun.<\/strong><\/p>\n","protected":false},"excerpt":{"rendered":"<p>CURSO DE CAPACITA\u00c7\u00c3O \u2013 INTRODU\u00c7\u00c3O \u00c0 ROB\u00d3TICA COM BLOCOS DE MONTAR MORPHUN.<\/p>\n<p>Este curso tem por objetivo capacitar profissionais que lidam com educa\u00e7\u00e3o infantil e fundamental, bem como psicopedagogia e neuro-psicopedagogia, no uso dos blocos de montar de pl\u00e1stico para desenvolver diversas habilidades cognitivas e introduzir os conceitos de rob\u00f3tica para as crian\u00e7as.<\/p>\n<p>Este treinamento \u00e9 totalmente online e fornece a licen\u00e7a de uso para 5 usu\u00e1rios, com direito a acesso ilimitado e recebendo todas as atualiza\u00e7\u00f5es de conte\u00fado, por 01 (um) ano.<\/p>\n<p><strong>Aten\u00e7\u00e3o! N\u00e3o compre este curso se voc\u00ea n\u00e3o possui os blocos de montar da Morphun.<\/strong><\/p>\n","protected":false},"author":1,"featured_media":1350,"comment_status":"open","ping_status":"closed","template":"","meta":{"advgb_blocks_editor_width":"","advgb_blocks_columns_visual_guide":""},"product_brand":[],"product_cat":[50],"product_tag":[],"class_list":{"0":"post-1720","1":"product","2":"type-product","3":"status-publish","4":"has-post-thumbnail","6":"product_cat-robotica","8":"first","9":"instock","10":"virtual","11":"taxable","12":"purchasable","13":"product-type-simple"},"featured_img":"https:\/\/4kids.com.br\/wp-content\/uploads\/2021\/05\/junior_starter_185_02.jpg","coauthors":[],"author_meta":{"author_link":"https:\/\/4kids.com.br\/index.php\/author\/4kids\/","display_name":"4kids"},"relative_dates":{"created":"Publicado 5 anos atr\u00e1s","modified":"Atualizado 3 anos atr\u00e1s"},"absolute_dates":{"created":"Publicado em 22 de junho de 2021","modified":"Atualizado em 5 de outubro de 2023"},"absolute_dates_time":{"created":"Publicado em 22 de junho de 2021 00:21","modified":"Atualizado em 5 de outubro de 2023 23:24"},"featured_img_caption":"","tax_additional":{"product_brand":{"linked":[],"unlinked":[],"slug":"product_brand","name":"Marcas"},"product_type":{"linked":["<a href=\"https:\/\/4kids.com.br\/?taxonomy=product_type&#038;term=simple\" class=\"advgb-post-tax-term\">simple<\/a>"],"unlinked":["<span class=\"advgb-post-tax-term\">simple<\/span>"],"slug":"product_type","name":"Tipo de produto"},"product_visibility":{"linked":[],"unlinked":[],"slug":"product_visibility","name":"Visibilidade do produto"},"product_cat":{"linked":["<a href=\"https:\/\/4kids.com.br\/index.php\/categoria-produto\/robotica\/\" class=\"advgb-post-tax-term\">Rob\u00f3tica<\/a>"],"unlinked":["<span class=\"advgb-post-tax-term\">Rob\u00f3tica<\/span>"],"slug":"product_cat","name":"Categorias de produto"},"product_tag":{"linked":[],"unlinked":[],"slug":"product_tag","name":"Tags de produto"},"product_shipping_class":{"linked":[],"unlinked":[],"slug":"product_shipping_class","name":"Classes de entrega do produto"}},"series_order":"","_links":{"self":[{"href":"https:\/\/4kids.com.br\/index.php\/wp-json\/wp\/v2\/product\/1720","targetHints":{"allow":["GET"]}}],"collection":[{"href":"https:\/\/4kids.com.br\/index.php\/wp-json\/wp\/v2\/product"}],"about":[{"href":"https:\/\/4kids.com.br\/index.php\/wp-json\/wp\/v2\/types\/product"}],"replies":[{"embeddable":true,"href":"https:\/\/4kids.com.br\/index.php\/wp-json\/wp\/v2\/comments?post=1720"}],"wp:featuredmedia":[{"embeddable":true,"href":"https:\/\/4kids.com.br\/index.php\/wp-json\/wp\/v2\/media\/1350"}],"wp:attachment":[{"href":"https:\/\/4kids.com.br\/index.php\/wp-json\/wp\/v2\/media?parent=1720"}],"wp:term":[{"taxonomy":"product_brand","embeddable":true,"href":"https:\/\/4kids.com.br\/index.php\/wp-json\/wp\/v2\/product_brand?post=1720"},{"taxonomy":"product_cat","embeddable":true,"href":"https:\/\/4kids.com.br\/index.php\/wp-json\/wp\/v2\/product_cat?post=1720"},{"taxonomy":"product_tag","embeddable":true,"href":"https:\/\/4kids.com.br\/index.php\/wp-json\/wp\/v2\/product_tag?post=1720"}],"curies":[{"name":"wp","href":"https:\/\/api.w.org\/{rel}","templated":true}]}}