{"id":2196,"date":"2025-07-16T16:30:32","date_gmt":"2025-07-16T19:30:32","guid":{"rendered":"https:\/\/4kids.com.br\/index.php\/produto\/blocos-de-montar-educativo-de-plastico-linha-junior-600-plus-brinquedo-educativo-blocos-de-montar\/"},"modified":"2025-10-11T17:05:23","modified_gmt":"2025-10-11T20:05:23","slug":"blocos-de-montar-educativo-de-plastico-linha-junior-600-plus-brinquedo-educativo-blocos-de-montar","status":"publish","type":"product","link":"https:\/\/4kids.com.br\/index.php\/produto\/blocos-de-montar-educativo-de-plastico-linha-junior-600-plus-brinquedo-educativo-blocos-de-montar\/","title":{"rendered":"Blocos de Montar Educativo de Pl\u00e1stico Linha Junior 600 Plus | Brinquedo Educativo Blocos de Montar"},"content":{"rendered":"<p>Tirar as crian\u00e7as da tela, estimular a criatividade, desenvolver vis\u00e3o espacial, resolver desafios e brincar muito com as crian\u00e7as, com muita divers\u00e3o (Mor-phun). Sim, isso \u00e9 Morphun (more fun).<\/p>\n<p>\u00a0<\/p>\n<p>As crian\u00e7as adoram quando os pais se envolvem com as montagens.<\/p>\n<p>\u00a0<\/p>\n<p>Para crian\u00e7as acima de 5 anos, o conjunto Junior 600 Plus vem acompanhado de um conjunto de seis folhas de instru\u00e7\u00f5es com diferentes n\u00edveis de dificuldades, em uma caixa pl\u00e1stica organizadora com al\u00e7a para facilitar o transporte e armazenamento em casa ou na escola.<\/p>\n<p>\u00a0<\/p>\n<p>Com esse kit pode-se construir os modelos propostos nas folhas de instru\u00e7\u00f5es, e mais, a crian\u00e7a pode ser desafiada a construir seus pr\u00f3prios modelos.<\/p>\n<p>\u00a0<\/p>\n<p>Em classe, com este Kit pode-se trabalhar com at\u00e9 08 crian\u00e7as montando modelos simples. Para modelos maiores e mais complexos, recomenda-se adquirir mais um Kit. Modelos maiores requerem maior quantidade de pe\u00e7as.<\/p>\n<p>\u00a0<\/p>\n<p>Conte\u00fado:<br \/>. 600 pe\u00e7as<br \/>. Caixa pl\u00e1stica organizadora.<br \/>. 6 folhas de instru\u00e7\u00f5es.<\/p>\n<p>\u00a0<\/p>\n<p>Fabricado na Pol\u00f4nia.<\/p>\n<p>Certificado pelo INMETRO.<\/p>\n<p>\u00a0<\/p>\n<p><strong>Aten\u00e7\u00e3o! N\u00e3o recomendado para crian\u00e7as menores de 3 anos por conter pe\u00e7as pequenas que podem ser engolidas.<\/strong><\/p>\n<p>\u00a0<\/p>\n<p>As fotos s\u00e3o ilustrativas do produto.<\/p>\n<p>\u00a0<\/p>\n","protected":false},"excerpt":{"rendered":"<p>Os Blocos de Montar de Pl\u00e1stico \u2013 Junior 600 Plus, com 600 pe\u00e7as, trazem muita divers\u00e3o e entretenimento, al\u00e9m de estimular a criatividade e desenvolver habilidades cognitivas na crian\u00e7a. Uma excelente op\u00e7\u00e3o educacional para tirar as crian\u00e7as das telas. &lt;a href=&#8221;https:\/\/4kids.com.br\/index.php\/2021\/05\/22\/blocos-de-montar-de-plastico\/&#8221;&gt;Saiba mais clicando AQUI.&lt;\/a&gt;<\/p>\n<p>\u00a0<\/p>\n<p>Com esse kit pode-se construir quaisquer dos modelos propostos nas folhas de instru\u00e7\u00f5es. Pode-se trabalhar com at\u00e9 8 crian\u00e7as montando modelos simples. Para modelos maiores e mais complexos, recomenda-se adquirir mais um Kit. Modelos maiores requerem maior quantidade de pe\u00e7as.<\/p>\n<p>\u00a0<\/p>\n<p>Conte\u00fado:<br \/>. 600 pe\u00e7as<br \/>. Caixa pl\u00e1stica organizadora<br \/>. 6 folhas de instru\u00e7\u00f5es.<\/p>\n<p>\u00a0<\/p>\n<p>Fabricado na Pol\u00f4nia. Certificado pelo INMETRO.<\/p>\n<p>\u00a0<\/p>\n<p><strong>Aten\u00e7\u00e3o! N\u00e3o recomendado para crian\u00e7as menores de 3 anos por conter pe\u00e7as pequenas que podem ser engolidas.<\/strong><\/p>\n<p>\u00a0<\/p>\n<p>As fotos s\u00e3o ilustrativas do produto.<\/p>\n<p>Opcionais para este kit:<br \/>\u2013 Livro-guia (Junior Guide Book \u2013 na foto, deve ser adquirido separadamente) com mais de 60 p\u00e1ginas impermeabilizadas e coloridas com dezenas de modelos em diferentes n\u00edveis de dificuldade.<\/p>\n<p>\u2013 Curso 100% online de Introdu\u00e7\u00e3o \u00e0 Rob\u00f3tica para Pais e Professores auxiliarem as crian\u00e7as nas montagens<\/p>\n","protected":false},"author":1,"featured_media":2191,"comment_status":"open","ping_status":"closed","template":"","meta":{"advgb_blocks_editor_width":"","advgb_blocks_columns_visual_guide":""},"product_brand":[],"product_cat":[40,48,53,52,51,41],"product_tag":[],"class_list":{"0":"post-2196","1":"product","2":"type-product","3":"status-publish","4":"has-post-thumbnail","6":"product_cat-blocos-de-montar","7":"product_cat-colecao-escolas","8":"product_cat-de-4-a-5-anos","9":"product_cat-de-6-a-7-anos","10":"product_cat-de-7-a-9-anos","11":"product_cat-morphun","13":"first","14":"instock","15":"sale","16":"featured","17":"taxable","18":"shipping-taxable","19":"purchasable","20":"product-type-simple"},"featured_img":"https:\/\/4kids.com.br\/wp-content\/uploads\/2025\/07\/junior_500_cover-1.jpg","coauthors":[],"author_meta":{"author_link":"https:\/\/4kids.com.br\/index.php\/author\/4kids\/","display_name":"4kids"},"relative_dates":{"created":"Publicado 10 meses atr\u00e1s","modified":"Atualizado 7 meses atr\u00e1s"},"absolute_dates":{"created":"Publicado em 16 de julho de 2025","modified":"Atualizado em 11 de outubro de 2025"},"absolute_dates_time":{"created":"Publicado em 16 de julho de 2025 16:30","modified":"Atualizado em 11 de outubro de 2025 17:05"},"featured_img_caption":"","tax_additional":{"product_brand":{"linked":[],"unlinked":[],"slug":"product_brand","name":"Marcas"},"product_type":{"linked":["<a href=\"https:\/\/4kids.com.br\/?taxonomy=product_type&#038;term=simple\" class=\"advgb-post-tax-term\">simple<\/a>"],"unlinked":["<span class=\"advgb-post-tax-term\">simple<\/span>"],"slug":"product_type","name":"Tipo de produto"},"product_visibility":{"linked":["<a href=\"https:\/\/4kids.com.br\/?taxonomy=product_visibility&#038;term=featured\" class=\"advgb-post-tax-term\">featured<\/a>"],"unlinked":["<span class=\"advgb-post-tax-term\">featured<\/span>"],"slug":"product_visibility","name":"Visibilidade do produto"},"product_cat":{"linked":["<a href=\"https:\/\/4kids.com.br\/index.php\/categoria-produto\/blocos-de-montar\/\" class=\"advgb-post-tax-term\">Blocos de Montar<\/a>","<a href=\"https:\/\/4kids.com.br\/index.php\/categoria-produto\/colecao-escolas\/\" class=\"advgb-post-tax-term\">Cole\u00e7\u00e3o Escolas<\/a>","<a href=\"https:\/\/4kids.com.br\/index.php\/categoria-produto\/idade\/de-4-a-5-anos\/\" class=\"advgb-post-tax-term\">De 4 a 5 Anos<\/a>","<a href=\"https:\/\/4kids.com.br\/index.php\/categoria-produto\/idade\/de-6-a-7-anos\/\" class=\"advgb-post-tax-term\">De 6 a 7 Anos<\/a>","<a href=\"https:\/\/4kids.com.br\/index.php\/categoria-produto\/idade\/de-7-a-9-anos\/\" class=\"advgb-post-tax-term\">De 7 a 9 Anos<\/a>","<a href=\"https:\/\/4kids.com.br\/index.php\/categoria-produto\/morphun\/\" class=\"advgb-post-tax-term\">Morphun<\/a>"],"unlinked":["<span class=\"advgb-post-tax-term\">Blocos de Montar<\/span>","<span class=\"advgb-post-tax-term\">Cole\u00e7\u00e3o Escolas<\/span>","<span class=\"advgb-post-tax-term\">De 4 a 5 Anos<\/span>","<span class=\"advgb-post-tax-term\">De 6 a 7 Anos<\/span>","<span class=\"advgb-post-tax-term\">De 7 a 9 Anos<\/span>","<span class=\"advgb-post-tax-term\">Morphun<\/span>"],"slug":"product_cat","name":"Categorias de produto"},"product_tag":{"linked":[],"unlinked":[],"slug":"product_tag","name":"Tags de produto"},"product_shipping_class":{"linked":[],"unlinked":[],"slug":"product_shipping_class","name":"Classes de entrega do produto"}},"series_order":"","_links":{"self":[{"href":"https:\/\/4kids.com.br\/index.php\/wp-json\/wp\/v2\/product\/2196","targetHints":{"allow":["GET"]}}],"collection":[{"href":"https:\/\/4kids.com.br\/index.php\/wp-json\/wp\/v2\/product"}],"about":[{"href":"https:\/\/4kids.com.br\/index.php\/wp-json\/wp\/v2\/types\/product"}],"replies":[{"embeddable":true,"href":"https:\/\/4kids.com.br\/index.php\/wp-json\/wp\/v2\/comments?post=2196"}],"wp:featuredmedia":[{"embeddable":true,"href":"https:\/\/4kids.com.br\/index.php\/wp-json\/wp\/v2\/media\/2191"}],"wp:attachment":[{"href":"https:\/\/4kids.com.br\/index.php\/wp-json\/wp\/v2\/media?parent=2196"}],"wp:term":[{"taxonomy":"product_brand","embeddable":true,"href":"https:\/\/4kids.com.br\/index.php\/wp-json\/wp\/v2\/product_brand?post=2196"},{"taxonomy":"product_cat","embeddable":true,"href":"https:\/\/4kids.com.br\/index.php\/wp-json\/wp\/v2\/product_cat?post=2196"},{"taxonomy":"product_tag","embeddable":true,"href":"https:\/\/4kids.com.br\/index.php\/wp-json\/wp\/v2\/product_tag?post=2196"}],"curies":[{"name":"wp","href":"https:\/\/api.w.org\/{rel}","templated":true}]}}