{"id":2205,"date":"2025-07-16T17:25:28","date_gmt":"2025-07-16T20:25:28","guid":{"rendered":"https:\/\/4kids.com.br\/index.php\/produto\/livro-guia-linha-junior-caderno-de-modelos-adicionais-para-linha-junior-plus-encadernado\/"},"modified":"2025-10-11T16:03:40","modified_gmt":"2025-10-11T19:03:40","slug":"livro-guia-linha-junior-caderno-de-modelos-adicionais-para-linha-junior-plus-encadernado","status":"publish","type":"product","link":"https:\/\/4kids.com.br\/index.php\/produto\/livro-guia-linha-junior-caderno-de-modelos-adicionais-para-linha-junior-plus-encadernado\/","title":{"rendered":"Livro Guia Linha Junior &#8211; Caderno de modelos adicionais para Linha Junior Plus (Encadernado)"},"content":{"rendered":"<p>Este livro guia de 60 p\u00e1ginas coloridas, impressas em alta resolu\u00e7\u00e3o, em papel de alta densidade, imperme\u00e1veis, resistente e encadernado em espiral.\u00a0<\/p>\n<p>\u00a0<\/p>\n<p>Este guia traz dezenas de modelos em 3D de formas diversas, usando os blocos de montar da linha Junior Plus. Os modelos s\u00e3o apresentados em ordem crescente de grau de dificuldade. As crian\u00e7as se concentram, aprendem e s\u00e3o envolvidas pelos desafios de montagem.<\/p>\n","protected":false},"excerpt":{"rendered":"<p>Este livro guia de 60 p\u00e1ginas coloridas, impressas em alta resolu\u00e7\u00e3o, em papel de alta densidade (capa e folhas grossas), imperme\u00e1veis, resistente e encadernado em espiral.\u00a0<\/p>\n<p>\u00a0<\/p>\n<p>Este guia traz dezenas de modelos em 3D de formas diversas, usando os blocos de montar da linha Junior Plus. Os modelos s\u00e3o apresentados em ordem crescente de grau de dificuldade. As crian\u00e7as se concentram, aprendem e s\u00e3o envolvidas pelos desafios de montagem.<\/p>\n<p>\u00a0<\/p>\n","protected":false},"author":1,"featured_media":2203,"comment_status":"open","ping_status":"closed","template":"","meta":{"advgb_blocks_editor_width":"","advgb_blocks_columns_visual_guide":""},"product_brand":[],"product_cat":[40,48,53,52,51,41],"product_tag":[],"class_list":{"0":"post-2205","1":"product","2":"type-product","3":"status-publish","4":"has-post-thumbnail","6":"product_cat-blocos-de-montar","7":"product_cat-colecao-escolas","8":"product_cat-de-4-a-5-anos","9":"product_cat-de-6-a-7-anos","10":"product_cat-de-7-a-9-anos","11":"product_cat-morphun","13":"first","14":"instock","15":"sale","16":"taxable","17":"shipping-taxable","18":"purchasable","19":"product-type-simple"},"featured_img":"https:\/\/4kids.com.br\/wp-content\/uploads\/2025\/07\/junior_solto_cover.jpg","coauthors":[],"author_meta":{"author_link":"https:\/\/4kids.com.br\/index.php\/author\/4kids\/","display_name":"4kids"},"relative_dates":{"created":"Publicado 10 meses atr\u00e1s","modified":"Atualizado 7 meses atr\u00e1s"},"absolute_dates":{"created":"Publicado em 16 de julho de 2025","modified":"Atualizado em 11 de outubro de 2025"},"absolute_dates_time":{"created":"Publicado em 16 de julho de 2025 17:25","modified":"Atualizado em 11 de outubro de 2025 16:03"},"featured_img_caption":"","tax_additional":{"product_brand":{"linked":[],"unlinked":[],"slug":"product_brand","name":"Marcas"},"product_type":{"linked":["<a href=\"https:\/\/4kids.com.br\/?taxonomy=product_type&#038;term=simple\" class=\"advgb-post-tax-term\">simple<\/a>"],"unlinked":["<span class=\"advgb-post-tax-term\">simple<\/span>"],"slug":"product_type","name":"Tipo de produto"},"product_visibility":{"linked":[],"unlinked":[],"slug":"product_visibility","name":"Visibilidade do produto"},"product_cat":{"linked":["<a href=\"https:\/\/4kids.com.br\/index.php\/categoria-produto\/blocos-de-montar\/\" class=\"advgb-post-tax-term\">Blocos de Montar<\/a>","<a href=\"https:\/\/4kids.com.br\/index.php\/categoria-produto\/colecao-escolas\/\" class=\"advgb-post-tax-term\">Cole\u00e7\u00e3o Escolas<\/a>","<a href=\"https:\/\/4kids.com.br\/index.php\/categoria-produto\/idade\/de-4-a-5-anos\/\" class=\"advgb-post-tax-term\">De 4 a 5 Anos<\/a>","<a href=\"https:\/\/4kids.com.br\/index.php\/categoria-produto\/idade\/de-6-a-7-anos\/\" class=\"advgb-post-tax-term\">De 6 a 7 Anos<\/a>","<a href=\"https:\/\/4kids.com.br\/index.php\/categoria-produto\/idade\/de-7-a-9-anos\/\" class=\"advgb-post-tax-term\">De 7 a 9 Anos<\/a>","<a href=\"https:\/\/4kids.com.br\/index.php\/categoria-produto\/morphun\/\" class=\"advgb-post-tax-term\">Morphun<\/a>"],"unlinked":["<span class=\"advgb-post-tax-term\">Blocos de Montar<\/span>","<span class=\"advgb-post-tax-term\">Cole\u00e7\u00e3o Escolas<\/span>","<span class=\"advgb-post-tax-term\">De 4 a 5 Anos<\/span>","<span class=\"advgb-post-tax-term\">De 6 a 7 Anos<\/span>","<span class=\"advgb-post-tax-term\">De 7 a 9 Anos<\/span>","<span class=\"advgb-post-tax-term\">Morphun<\/span>"],"slug":"product_cat","name":"Categorias de produto"},"product_tag":{"linked":[],"unlinked":[],"slug":"product_tag","name":"Tags de produto"},"product_shipping_class":{"linked":[],"unlinked":[],"slug":"product_shipping_class","name":"Classes de entrega do produto"}},"series_order":"","_links":{"self":[{"href":"https:\/\/4kids.com.br\/index.php\/wp-json\/wp\/v2\/product\/2205","targetHints":{"allow":["GET"]}}],"collection":[{"href":"https:\/\/4kids.com.br\/index.php\/wp-json\/wp\/v2\/product"}],"about":[{"href":"https:\/\/4kids.com.br\/index.php\/wp-json\/wp\/v2\/types\/product"}],"replies":[{"embeddable":true,"href":"https:\/\/4kids.com.br\/index.php\/wp-json\/wp\/v2\/comments?post=2205"}],"wp:featuredmedia":[{"embeddable":true,"href":"https:\/\/4kids.com.br\/index.php\/wp-json\/wp\/v2\/media\/2203"}],"wp:attachment":[{"href":"https:\/\/4kids.com.br\/index.php\/wp-json\/wp\/v2\/media?parent=2205"}],"wp:term":[{"taxonomy":"product_brand","embeddable":true,"href":"https:\/\/4kids.com.br\/index.php\/wp-json\/wp\/v2\/product_brand?post=2205"},{"taxonomy":"product_cat","embeddable":true,"href":"https:\/\/4kids.com.br\/index.php\/wp-json\/wp\/v2\/product_cat?post=2205"},{"taxonomy":"product_tag","embeddable":true,"href":"https:\/\/4kids.com.br\/index.php\/wp-json\/wp\/v2\/product_tag?post=2205"}],"curies":[{"name":"wp","href":"https:\/\/api.w.org\/{rel}","templated":true}]}}